{"id":1729,"date":"2023-04-09T15:57:19","date_gmt":"2023-04-09T13:57:19","guid":{"rendered":"http:\/\/serwer194471.lh.pl\/autoinstalator\/serwer194471.lh.pl\/wordpress17440\/?page_id=1729"},"modified":"2023-12-19T23:29:24","modified_gmt":"2023-12-19T22:29:24","slug":"kosmetyki","status":"publish","type":"page","link":"https:\/\/medesteticarzeszow.pl\/index.php\/kosmetyki\/","title":{"rendered":"Kosmetyki"},"content":{"rendered":"\t\t<div data-elementor-type=\"wp-page\" data-elementor-id=\"1729\" class=\"elementor elementor-1729\">\n\t\t\t\t\t\t\t\t\t<section class=\"elementor-section elementor-top-section elementor-element elementor-element-41fffb5 elementor-section-height-min-height elementor-section-boxed elementor-section-height-default elementor-section-items-middle\" data-id=\"41fffb5\" data-element_type=\"section\" data-settings=\"{&quot;background_background&quot;:&quot;classic&quot;}\">\n\t\t\t\t\t\t<div class=\"elementor-container elementor-column-gap-no\">\n\t\t\t\t\t<div class=\"elementor-column elementor-col-100 elementor-top-column elementor-element elementor-element-b6a039d\" data-id=\"b6a039d\" data-element_type=\"column\">\n\t\t\t<div class=\"elementor-widget-wrap\">\n\t\t\t\t\t\t\t\t\t<\/div>\n\t\t<\/div>\n\t\t\t\t\t\t\t<\/div>\n\t\t<\/section>\n\t\t\t\t<section class=\"elementor-section elementor-top-section elementor-element elementor-element-f5a5f67 elementor-section-boxed elementor-section-height-default elementor-section-height-default\" data-id=\"f5a5f67\" data-element_type=\"section\">\n\t\t\t\t\t\t<div class=\"elementor-container elementor-column-gap-default\">\n\t\t\t\t\t<div class=\"elementor-column elementor-col-100 elementor-top-column elementor-element elementor-element-6da5757\" data-id=\"6da5757\" data-element_type=\"column\">\n\t\t\t<div class=\"elementor-widget-wrap elementor-element-populated\">\n\t\t\t\t\t\t\t\t<div class=\"elementor-element elementor-element-379c883 elementor-widget elementor-widget-spacer\" data-id=\"379c883\" data-element_type=\"widget\" data-widget_type=\"spacer.default\">\n\t\t\t\t<div class=\"elementor-widget-container\">\n\t\t\t<style>\/*! elementor - v3.12.1 - 02-04-2023 *\/\n.elementor-column .elementor-spacer-inner{height:var(--spacer-size)}.e-con{--container-widget-width:100%}.e-con-inner>.elementor-widget-spacer,.e-con>.elementor-widget-spacer{width:var(--container-widget-width,var(--spacer-size));--align-self:var(--container-widget-align-self,initial);--flex-shrink:0}.e-con-inner>.elementor-widget-spacer>.elementor-widget-container,.e-con-inner>.elementor-widget-spacer>.elementor-widget-container>.elementor-spacer,.e-con>.elementor-widget-spacer>.elementor-widget-container,.e-con>.elementor-widget-spacer>.elementor-widget-container>.elementor-spacer{height:100%}.e-con-inner>.elementor-widget-spacer>.elementor-widget-container>.elementor-spacer>.elementor-spacer-inner,.e-con>.elementor-widget-spacer>.elementor-widget-container>.elementor-spacer>.elementor-spacer-inner{height:var(--container-widget-height,var(--spacer-size))}<\/style>\t\t<div class=\"elementor-spacer\">\n\t\t\t<div class=\"elementor-spacer-inner\"><\/div>\n\t\t<\/div>\n\t\t\t\t<\/div>\n\t\t\t\t<\/div>\n\t\t\t\t\t<\/div>\n\t\t<\/div>\n\t\t\t\t\t\t\t<\/div>\n\t\t<\/section>\n\t\t\t\t<section class=\"elementor-section elementor-top-section elementor-element elementor-element-e3a3d1b elementor-section-boxed elementor-section-height-default elementor-section-height-default elementor-invisible\" data-id=\"e3a3d1b\" data-element_type=\"section\" data-settings=\"{&quot;background_background&quot;:&quot;classic&quot;,&quot;animation&quot;:&quot;fadeInUp&quot;}\">\n\t\t\t\t\t\t<div class=\"elementor-container elementor-column-gap-default\">\n\t\t\t\t\t<div class=\"elementor-column elementor-col-66 elementor-top-column elementor-element elementor-element-311a0ad\" data-id=\"311a0ad\" data-element_type=\"column\" data-settings=\"{&quot;background_background&quot;:&quot;classic&quot;}\">\n\t\t\t<div class=\"elementor-widget-wrap elementor-element-populated\">\n\t\t\t\t\t\t\t\t<div class=\"elementor-element elementor-element-37e1abc e-transform e-transform elementor-widget elementor-widget-text-editor\" data-id=\"37e1abc\" data-element_type=\"widget\" data-settings=\"{&quot;_transform_translateY_effect&quot;:{&quot;unit&quot;:&quot;px&quot;,&quot;size&quot;:25,&quot;sizes&quot;:[]},&quot;_transform_scale_effect&quot;:{&quot;unit&quot;:&quot;px&quot;,&quot;size&quot;:1,&quot;sizes&quot;:[]},&quot;_transform_translateX_effect&quot;:{&quot;unit&quot;:&quot;px&quot;,&quot;size&quot;:&quot;&quot;,&quot;sizes&quot;:[]},&quot;_transform_translateX_effect_tablet&quot;:{&quot;unit&quot;:&quot;px&quot;,&quot;size&quot;:&quot;&quot;,&quot;sizes&quot;:[]},&quot;_transform_translateX_effect_mobile&quot;:{&quot;unit&quot;:&quot;px&quot;,&quot;size&quot;:&quot;&quot;,&quot;sizes&quot;:[]},&quot;_transform_translateY_effect_tablet&quot;:{&quot;unit&quot;:&quot;px&quot;,&quot;size&quot;:&quot;&quot;,&quot;sizes&quot;:[]},&quot;_transform_translateY_effect_mobile&quot;:{&quot;unit&quot;:&quot;px&quot;,&quot;size&quot;:&quot;&quot;,&quot;sizes&quot;:[]},&quot;_transform_scale_effect_tablet&quot;:{&quot;unit&quot;:&quot;px&quot;,&quot;size&quot;:&quot;&quot;,&quot;sizes&quot;:[]},&quot;_transform_scale_effect_mobile&quot;:{&quot;unit&quot;:&quot;px&quot;,&quot;size&quot;:&quot;&quot;,&quot;sizes&quot;:[]}}\" data-widget_type=\"text-editor.default\">\n\t\t\t\t<div class=\"elementor-widget-container\">\n\t\t\t<style>\/*! elementor - v3.12.1 - 02-04-2023 *\/\n.elementor-widget-text-editor.elementor-drop-cap-view-stacked .elementor-drop-cap{background-color:#69727d;color:#fff}.elementor-widget-text-editor.elementor-drop-cap-view-framed .elementor-drop-cap{color:#69727d;border:3px solid;background-color:transparent}.elementor-widget-text-editor:not(.elementor-drop-cap-view-default) .elementor-drop-cap{margin-top:8px}.elementor-widget-text-editor:not(.elementor-drop-cap-view-default) .elementor-drop-cap-letter{width:1em;height:1em}.elementor-widget-text-editor .elementor-drop-cap{float:left;text-align:center;line-height:1;font-size:50px}.elementor-widget-text-editor .elementor-drop-cap-letter{display:inline-block}<\/style>\t\t\t\t<p style=\"text-align: center;\">Kosmetyki<\/p>\t\t\t\t\t\t<\/div>\n\t\t\t\t<\/div>\n\t\t\t\t<div class=\"elementor-element elementor-element-4bda609 e-transform elementor-widget elementor-widget-text-editor\" data-id=\"4bda609\" data-element_type=\"widget\" data-settings=\"{&quot;_transform_scale_effect&quot;:{&quot;unit&quot;:&quot;px&quot;,&quot;size&quot;:&quot;&quot;,&quot;sizes&quot;:[]},&quot;_transform_scale_effect_tablet&quot;:{&quot;unit&quot;:&quot;px&quot;,&quot;size&quot;:&quot;&quot;,&quot;sizes&quot;:[]},&quot;_transform_scale_effect_mobile&quot;:{&quot;unit&quot;:&quot;px&quot;,&quot;size&quot;:&quot;&quot;,&quot;sizes&quot;:[]}}\" data-widget_type=\"text-editor.default\">\n\t\t\t\t<div class=\"elementor-widget-container\">\n\t\t\t\t\t\t\t<p>W naszym salonie oferujemy szeroki wyb\u00f3r wysokiej jako\u015bci kosmetyk\u00f3w do piel\u0119gnacji sk\u00f3ry. Pragniemy zaspokoi\u0107 r\u00f3\u017cnorodne potrzeby naszych klient\u00f3w, dlatego wsp\u00f3\u0142pracujemy z renomowanymi firmami, uznawanymi za lider\u00f3w w dziedzinie kosmetyki piel\u0119gnacyjnej. Nasze partnerstwo z markami takimi jak Norel dr. Wilsz, Peel Mission, Janssen Cosmetics, Neauvia, Mesoestetic, Clarena, Urgo, Dives Med czy Farmona umo\u017cliwia nam oferowanie produkt\u00f3w o najwy\u017cszej jako\u015bci.<\/p><p>W naszym salonie znajdziesz r\u00f3\u017cnorodne rodzaje kosmetyk\u00f3w, takie jak serum, kremy, maski, toniki, \u017cele i wiele innych, dostosowane do r\u00f3\u017cnych potrzeb piel\u0119gnacyjnych. Ka\u017cda z wymienionych marek cieszy si\u0119 uznaniem w bran\u017cy kosmetycznej, a ich produkty s\u0105 cenione za skuteczno\u015b\u0107 i innowacyjno\u015b\u0107.<\/p><p>Dzi\u0119ki naszej szerokiej gamie kosmetyk\u00f3w, ka\u017cdy klient mo\u017ce znale\u017a\u0107 idealne rozwi\u0105zanie dopasowane do swojego typu sk\u00f3ry i indywidualnych oczekiwa\u0144. Oferujemy produkty, kt\u00f3re wspieraj\u0105 efekty zabieg\u00f3w, umo\u017cliwiaj\u0105c utrzymanie zdrowej i promiennej sk\u00f3ry r\u00f3wnie\u017c w domowym zaciszu.<\/p>\t\t\t\t\t\t<\/div>\n\t\t\t\t<\/div>\n\t\t\t\t\t<\/div>\n\t\t<\/div>\n\t\t\t\t<div class=\"elementor-column elementor-col-33 elementor-top-column elementor-element elementor-element-a62a75b\" data-id=\"a62a75b\" data-element_type=\"column\" data-settings=\"{&quot;background_background&quot;:&quot;classic&quot;}\">\n\t\t\t<div class=\"elementor-widget-wrap elementor-element-populated\">\n\t\t\t\t\t\t\t\t<div class=\"elementor-element elementor-element-bd5690a elementor-widget elementor-widget-image\" data-id=\"bd5690a\" data-element_type=\"widget\" data-widget_type=\"image.default\">\n\t\t\t\t<div class=\"elementor-widget-container\">\n\t\t\t<style>\/*! elementor - v3.12.1 - 02-04-2023 *\/\n.elementor-widget-image{text-align:center}.elementor-widget-image a{display:inline-block}.elementor-widget-image a img[src$=\".svg\"]{width:48px}.elementor-widget-image img{vertical-align:middle;display:inline-block}<\/style>\t\t\t\t\t\t\t\t\t\t\t\t<img loading=\"lazy\" decoding=\"async\" width=\"768\" height=\"1024\" src=\"https:\/\/medesteticarzeszow.pl\/wp-content\/uploads\/2023\/12\/IMG-4950dasdas-1-768x1024.jpg\" class=\"attachment-large size-large wp-image-2851\" alt=\"\" srcset=\"https:\/\/medesteticarzeszow.pl\/wp-content\/uploads\/2023\/12\/IMG-4950dasdas-1-768x1024.jpg 768w, https:\/\/medesteticarzeszow.pl\/wp-content\/uploads\/2023\/12\/IMG-4950dasdas-1-225x300.jpg 225w, https:\/\/medesteticarzeszow.pl\/wp-content\/uploads\/2023\/12\/IMG-4950dasdas-1-1152x1536.jpg 1152w, https:\/\/medesteticarzeszow.pl\/wp-content\/uploads\/2023\/12\/IMG-4950dasdas-1-1536x2048.jpg 1536w, https:\/\/medesteticarzeszow.pl\/wp-content\/uploads\/2023\/12\/IMG-4950dasdas-1-scaled.jpg 1920w\" sizes=\"auto, (max-width: 768px) 100vw, 768px\" \/>\t\t\t\t\t\t\t\t\t\t\t\t\t\t\t<\/div>\n\t\t\t\t<\/div>\n\t\t\t\t\t<\/div>\n\t\t<\/div>\n\t\t\t\t\t\t\t<\/div>\n\t\t<\/section>\n\t\t\t\t<section class=\"elementor-section elementor-top-section elementor-element elementor-element-000ae83 elementor-section-boxed elementor-section-height-default elementor-section-height-default\" data-id=\"000ae83\" data-element_type=\"section\">\n\t\t\t\t\t\t<div class=\"elementor-container elementor-column-gap-default\">\n\t\t\t\t\t<div class=\"elementor-column elementor-col-100 elementor-top-column elementor-element elementor-element-e2f846b\" data-id=\"e2f846b\" data-element_type=\"column\">\n\t\t\t<div class=\"elementor-widget-wrap elementor-element-populated\">\n\t\t\t\t\t\t\t\t<div class=\"elementor-element elementor-element-f8869cc elementor-widget elementor-widget-spacer\" data-id=\"f8869cc\" data-element_type=\"widget\" data-widget_type=\"spacer.default\">\n\t\t\t\t<div class=\"elementor-widget-container\">\n\t\t\t\t\t<div class=\"elementor-spacer\">\n\t\t\t<div class=\"elementor-spacer-inner\"><\/div>\n\t\t<\/div>\n\t\t\t\t<\/div>\n\t\t\t\t<\/div>\n\t\t\t\t\t<\/div>\n\t\t<\/div>\n\t\t\t\t\t\t\t<\/div>\n\t\t<\/section>\n\t\t\t\t<section class=\"elementor-section elementor-top-section elementor-element elementor-element-e7ffdad elementor-section-boxed elementor-section-height-default elementor-section-height-default elementor-invisible\" data-id=\"e7ffdad\" data-element_type=\"section\" data-settings=\"{&quot;animation&quot;:&quot;fadeInUp&quot;}\">\n\t\t\t\t\t\t<div class=\"elementor-container elementor-column-gap-default\">\n\t\t\t\t\t<div class=\"elementor-column elementor-col-33 elementor-top-column elementor-element elementor-element-3800c92\" data-id=\"3800c92\" data-element_type=\"column\">\n\t\t\t<div class=\"elementor-widget-wrap elementor-element-populated\">\n\t\t\t\t\t\t\t\t<div class=\"elementor-element elementor-element-dd13a40 elementor-widget elementor-widget-spacer\" data-id=\"dd13a40\" data-element_type=\"widget\" data-widget_type=\"spacer.default\">\n\t\t\t\t<div class=\"elementor-widget-container\">\n\t\t\t\t\t<div class=\"elementor-spacer\">\n\t\t\t<div class=\"elementor-spacer-inner\"><\/div>\n\t\t<\/div>\n\t\t\t\t<\/div>\n\t\t\t\t<\/div>\n\t\t\t\t<div class=\"elementor-element elementor-element-d99ec27 elementor-widget elementor-widget-image\" data-id=\"d99ec27\" data-element_type=\"widget\" data-widget_type=\"image.default\">\n\t\t\t\t<div class=\"elementor-widget-container\">\n\t\t\t\t\t\t\t\t\t\t\t\t\t\t\t<img loading=\"lazy\" decoding=\"async\" width=\"766\" height=\"1024\" src=\"https:\/\/medesteticarzeszow.pl\/wp-content\/uploads\/2023\/12\/kosmetyki-766x1024.jpg\" class=\"attachment-large size-large wp-image-3144\" alt=\"\" srcset=\"https:\/\/medesteticarzeszow.pl\/wp-content\/uploads\/2023\/12\/kosmetyki-766x1024.jpg 766w, https:\/\/medesteticarzeszow.pl\/wp-content\/uploads\/2023\/12\/kosmetyki-224x300.jpg 224w, https:\/\/medesteticarzeszow.pl\/wp-content\/uploads\/2023\/12\/kosmetyki-768x1026.jpg 768w, https:\/\/medesteticarzeszow.pl\/wp-content\/uploads\/2023\/12\/kosmetyki-1149x1536.jpg 1149w, https:\/\/medesteticarzeszow.pl\/wp-content\/uploads\/2023\/12\/kosmetyki-1532x2048.jpg 1532w, https:\/\/medesteticarzeszow.pl\/wp-content\/uploads\/2023\/12\/kosmetyki-scaled.jpg 1916w\" sizes=\"auto, (max-width: 766px) 100vw, 766px\" \/>\t\t\t\t\t\t\t\t\t\t\t\t\t\t\t<\/div>\n\t\t\t\t<\/div>\n\t\t\t\t<div class=\"elementor-element elementor-element-54a67aa elementor-widget elementor-widget-spacer\" data-id=\"54a67aa\" data-element_type=\"widget\" data-widget_type=\"spacer.default\">\n\t\t\t\t<div class=\"elementor-widget-container\">\n\t\t\t\t\t<div class=\"elementor-spacer\">\n\t\t\t<div class=\"elementor-spacer-inner\"><\/div>\n\t\t<\/div>\n\t\t\t\t<\/div>\n\t\t\t\t<\/div>\n\t\t\t\t\t<\/div>\n\t\t<\/div>\n\t\t\t\t<div class=\"elementor-column elementor-col-33 elementor-top-column elementor-element elementor-element-aa23a64\" data-id=\"aa23a64\" data-element_type=\"column\">\n\t\t\t<div class=\"elementor-widget-wrap elementor-element-populated\">\n\t\t\t\t\t\t\t\t<div class=\"elementor-element elementor-element-c778f07 elementor-widget elementor-widget-spacer\" data-id=\"c778f07\" data-element_type=\"widget\" data-widget_type=\"spacer.default\">\n\t\t\t\t<div class=\"elementor-widget-container\">\n\t\t\t\t\t<div class=\"elementor-spacer\">\n\t\t\t<div class=\"elementor-spacer-inner\"><\/div>\n\t\t<\/div>\n\t\t\t\t<\/div>\n\t\t\t\t<\/div>\n\t\t\t\t<div class=\"elementor-element elementor-element-fb0ddd2 elementor-widget elementor-widget-image\" data-id=\"fb0ddd2\" data-element_type=\"widget\" data-widget_type=\"image.default\">\n\t\t\t\t<div class=\"elementor-widget-container\">\n\t\t\t\t\t\t\t\t\t\t\t\t\t\t\t<img loading=\"lazy\" decoding=\"async\" width=\"768\" height=\"1024\" src=\"https:\/\/medesteticarzeszow.pl\/wp-content\/uploads\/2023\/12\/20230218_132447-1-768x1024.jpg\" class=\"attachment-large size-large wp-image-2850\" alt=\"\" srcset=\"https:\/\/medesteticarzeszow.pl\/wp-content\/uploads\/2023\/12\/20230218_132447-1-768x1024.jpg 768w, https:\/\/medesteticarzeszow.pl\/wp-content\/uploads\/2023\/12\/20230218_132447-1-225x300.jpg 225w, https:\/\/medesteticarzeszow.pl\/wp-content\/uploads\/2023\/12\/20230218_132447-1-1152x1536.jpg 1152w, https:\/\/medesteticarzeszow.pl\/wp-content\/uploads\/2023\/12\/20230218_132447-1-1536x2048.jpg 1536w, https:\/\/medesteticarzeszow.pl\/wp-content\/uploads\/2023\/12\/20230218_132447-1-scaled.jpg 1920w\" sizes=\"auto, (max-width: 768px) 100vw, 768px\" \/>\t\t\t\t\t\t\t\t\t\t\t\t\t\t\t<\/div>\n\t\t\t\t<\/div>\n\t\t\t\t<div class=\"elementor-element elementor-element-1effb04 elementor-widget elementor-widget-spacer\" data-id=\"1effb04\" data-element_type=\"widget\" data-widget_type=\"spacer.default\">\n\t\t\t\t<div class=\"elementor-widget-container\">\n\t\t\t\t\t<div class=\"elementor-spacer\">\n\t\t\t<div class=\"elementor-spacer-inner\"><\/div>\n\t\t<\/div>\n\t\t\t\t<\/div>\n\t\t\t\t<\/div>\n\t\t\t\t\t<\/div>\n\t\t<\/div>\n\t\t\t\t<div class=\"elementor-column elementor-col-33 elementor-top-column elementor-element elementor-element-82a7b2c\" data-id=\"82a7b2c\" data-element_type=\"column\" data-settings=\"{&quot;animation&quot;:&quot;none&quot;}\">\n\t\t\t<div class=\"elementor-widget-wrap elementor-element-populated\">\n\t\t\t\t\t\t\t\t<div class=\"elementor-element elementor-element-36c9f55 elementor-widget elementor-widget-spacer\" data-id=\"36c9f55\" data-element_type=\"widget\" data-widget_type=\"spacer.default\">\n\t\t\t\t<div class=\"elementor-widget-container\">\n\t\t\t\t\t<div class=\"elementor-spacer\">\n\t\t\t<div class=\"elementor-spacer-inner\"><\/div>\n\t\t<\/div>\n\t\t\t\t<\/div>\n\t\t\t\t<\/div>\n\t\t\t\t<div class=\"elementor-element elementor-element-52ee1fc elementor-widget elementor-widget-image\" data-id=\"52ee1fc\" data-element_type=\"widget\" data-widget_type=\"image.default\">\n\t\t\t\t<div class=\"elementor-widget-container\">\n\t\t\t\t\t\t\t\t\t\t\t\t\t\t\t<img loading=\"lazy\" decoding=\"async\" width=\"768\" height=\"1024\" src=\"https:\/\/medesteticarzeszow.pl\/wp-content\/uploads\/2023\/12\/20230217_101429-1-1-1-768x1024.jpg\" class=\"attachment-large size-large wp-image-2849\" alt=\"\" srcset=\"https:\/\/medesteticarzeszow.pl\/wp-content\/uploads\/2023\/12\/20230217_101429-1-1-1-768x1024.jpg 768w, https:\/\/medesteticarzeszow.pl\/wp-content\/uploads\/2023\/12\/20230217_101429-1-1-1-225x300.jpg 225w, https:\/\/medesteticarzeszow.pl\/wp-content\/uploads\/2023\/12\/20230217_101429-1-1-1-1152x1536.jpg 1152w, https:\/\/medesteticarzeszow.pl\/wp-content\/uploads\/2023\/12\/20230217_101429-1-1-1-1536x2048.jpg 1536w, https:\/\/medesteticarzeszow.pl\/wp-content\/uploads\/2023\/12\/20230217_101429-1-1-1-scaled.jpg 1920w\" sizes=\"auto, (max-width: 768px) 100vw, 768px\" \/>\t\t\t\t\t\t\t\t\t\t\t\t\t\t\t<\/div>\n\t\t\t\t<\/div>\n\t\t\t\t<div class=\"elementor-element elementor-element-e6c9470 elementor-widget elementor-widget-spacer\" data-id=\"e6c9470\" data-element_type=\"widget\" data-widget_type=\"spacer.default\">\n\t\t\t\t<div class=\"elementor-widget-container\">\n\t\t\t\t\t<div class=\"elementor-spacer\">\n\t\t\t<div class=\"elementor-spacer-inner\"><\/div>\n\t\t<\/div>\n\t\t\t\t<\/div>\n\t\t\t\t<\/div>\n\t\t\t\t\t<\/div>\n\t\t<\/div>\n\t\t\t\t\t\t\t<\/div>\n\t\t<\/section>\n\t\t\t\t\t\t\t<\/div>\n\t\t","protected":false},"excerpt":{"rendered":"<p>Kosmetyki W naszym salonie oferujemy szeroki wyb\u00f3r wysokiej jako\u015bci kosmetyk\u00f3w do piel\u0119gnacji sk\u00f3ry. Pragniemy zaspokoi\u0107 r\u00f3\u017cnorodne potrzeby naszych klient\u00f3w, dlatego wsp\u00f3\u0142pracujemy z renomowanymi firmami, uznawanymi za lider\u00f3w w dziedzinie kosmetyki piel\u0119gnacyjnej. Nasze partnerstwo z markami takimi jak Norel dr. Wilsz, Peel Mission, Janssen Cosmetics, Neauvia, Mesoestetic, Clarena, Urgo, Dives Med czy Farmona umo\u017cliwia nam oferowanie &hellip;<\/p>\n<p class=\"read-more\"> <a class=\"\" href=\"https:\/\/medesteticarzeszow.pl\/index.php\/kosmetyki\/\"> <span class=\"screen-reader-text\">Kosmetyki<\/span> Read More &raquo;<\/a><\/p>\n","protected":false},"author":1,"featured_media":0,"parent":0,"menu_order":0,"comment_status":"closed","ping_status":"closed","template":"","meta":{"site-sidebar-layout":"no-sidebar","site-content-layout":"page-builder","ast-global-header-display":"","ast-main-header-display":"","ast-hfb-above-header-display":"","ast-hfb-below-header-display":"","ast-hfb-mobile-header-display":"","site-post-title":"disabled","ast-breadcrumbs-content":"","ast-featured-img":"disabled","footer-sml-layout":"","theme-transparent-header-meta":"","adv-header-id-meta":"","stick-header-meta":"","header-above-stick-meta":"","header-main-stick-meta":"","header-below-stick-meta":"","footnotes":""},"class_list":["post-1729","page","type-page","status-publish","hentry"],"_links":{"self":[{"href":"https:\/\/medesteticarzeszow.pl\/index.php\/wp-json\/wp\/v2\/pages\/1729","targetHints":{"allow":["GET"]}}],"collection":[{"href":"https:\/\/medesteticarzeszow.pl\/index.php\/wp-json\/wp\/v2\/pages"}],"about":[{"href":"https:\/\/medesteticarzeszow.pl\/index.php\/wp-json\/wp\/v2\/types\/page"}],"author":[{"embeddable":true,"href":"https:\/\/medesteticarzeszow.pl\/index.php\/wp-json\/wp\/v2\/users\/1"}],"replies":[{"embeddable":true,"href":"https:\/\/medesteticarzeszow.pl\/index.php\/wp-json\/wp\/v2\/comments?post=1729"}],"version-history":[{"count":8,"href":"https:\/\/medesteticarzeszow.pl\/index.php\/wp-json\/wp\/v2\/pages\/1729\/revisions"}],"predecessor-version":[{"id":3303,"href":"https:\/\/medesteticarzeszow.pl\/index.php\/wp-json\/wp\/v2\/pages\/1729\/revisions\/3303"}],"wp:attachment":[{"href":"https:\/\/medesteticarzeszow.pl\/index.php\/wp-json\/wp\/v2\/media?parent=1729"}],"curies":[{"name":"wp","href":"https:\/\/api.w.org\/{rel}","templated":true}]}}