{"id":810,"date":"2023-04-02T19:33:03","date_gmt":"2023-04-02T17:33:03","guid":{"rendered":"http:\/\/serwer194471.lh.pl\/autoinstalator\/serwer194471.lh.pl\/wordpress17440\/?page_id=810"},"modified":"2023-12-19T23:18:39","modified_gmt":"2023-12-19T22:18:39","slug":"vouchery","status":"publish","type":"page","link":"https:\/\/medesteticarzeszow.pl\/index.php\/vouchery\/","title":{"rendered":"Vouchery"},"content":{"rendered":"\t\t<div data-elementor-type=\"wp-page\" data-elementor-id=\"810\" class=\"elementor elementor-810\">\n\t\t\t\t\t\t\t\t\t<section class=\"elementor-section elementor-top-section elementor-element elementor-element-717f870 elementor-section-height-min-height elementor-section-boxed elementor-section-height-default elementor-section-items-middle\" data-id=\"717f870\" data-element_type=\"section\" data-settings=\"{&quot;background_background&quot;:&quot;classic&quot;}\">\n\t\t\t\t\t\t<div class=\"elementor-container elementor-column-gap-no\">\n\t\t\t\t\t<div class=\"elementor-column elementor-col-100 elementor-top-column elementor-element elementor-element-996c623\" data-id=\"996c623\" data-element_type=\"column\">\n\t\t\t<div class=\"elementor-widget-wrap\">\n\t\t\t\t\t\t\t\t\t<\/div>\n\t\t<\/div>\n\t\t\t\t\t\t\t<\/div>\n\t\t<\/section>\n\t\t\t\t<section class=\"elementor-section elementor-top-section elementor-element elementor-element-a3f0184 elementor-section-boxed elementor-section-height-default elementor-section-height-default\" data-id=\"a3f0184\" data-element_type=\"section\">\n\t\t\t\t\t\t<div class=\"elementor-container elementor-column-gap-default\">\n\t\t\t\t\t<div class=\"elementor-column elementor-col-100 elementor-top-column elementor-element elementor-element-b45ebdd\" data-id=\"b45ebdd\" data-element_type=\"column\">\n\t\t\t<div class=\"elementor-widget-wrap elementor-element-populated\">\n\t\t\t\t\t\t\t\t<div class=\"elementor-element elementor-element-86e60c4 elementor-widget elementor-widget-spacer\" data-id=\"86e60c4\" data-element_type=\"widget\" data-widget_type=\"spacer.default\">\n\t\t\t\t<div class=\"elementor-widget-container\">\n\t\t\t<style>\/*! elementor - v3.12.1 - 02-04-2023 *\/\n.elementor-column .elementor-spacer-inner{height:var(--spacer-size)}.e-con{--container-widget-width:100%}.e-con-inner>.elementor-widget-spacer,.e-con>.elementor-widget-spacer{width:var(--container-widget-width,var(--spacer-size));--align-self:var(--container-widget-align-self,initial);--flex-shrink:0}.e-con-inner>.elementor-widget-spacer>.elementor-widget-container,.e-con-inner>.elementor-widget-spacer>.elementor-widget-container>.elementor-spacer,.e-con>.elementor-widget-spacer>.elementor-widget-container,.e-con>.elementor-widget-spacer>.elementor-widget-container>.elementor-spacer{height:100%}.e-con-inner>.elementor-widget-spacer>.elementor-widget-container>.elementor-spacer>.elementor-spacer-inner,.e-con>.elementor-widget-spacer>.elementor-widget-container>.elementor-spacer>.elementor-spacer-inner{height:var(--container-widget-height,var(--spacer-size))}<\/style>\t\t<div class=\"elementor-spacer\">\n\t\t\t<div class=\"elementor-spacer-inner\"><\/div>\n\t\t<\/div>\n\t\t\t\t<\/div>\n\t\t\t\t<\/div>\n\t\t\t\t\t<\/div>\n\t\t<\/div>\n\t\t\t\t\t\t\t<\/div>\n\t\t<\/section>\n\t\t\t\t<section class=\"elementor-section elementor-top-section elementor-element elementor-element-e0ff367 elementor-section-boxed elementor-section-height-default elementor-section-height-default elementor-invisible\" data-id=\"e0ff367\" data-element_type=\"section\" data-settings=\"{&quot;background_background&quot;:&quot;classic&quot;,&quot;animation&quot;:&quot;fadeInUp&quot;}\">\n\t\t\t\t\t\t<div class=\"elementor-container elementor-column-gap-default\">\n\t\t\t\t\t<div class=\"elementor-column elementor-col-66 elementor-top-column elementor-element elementor-element-4684517\" data-id=\"4684517\" data-element_type=\"column\" data-settings=\"{&quot;background_background&quot;:&quot;classic&quot;}\">\n\t\t\t<div class=\"elementor-widget-wrap elementor-element-populated\">\n\t\t\t\t\t\t\t\t<div class=\"elementor-element elementor-element-12796a7 e-transform e-transform elementor-widget elementor-widget-text-editor\" data-id=\"12796a7\" data-element_type=\"widget\" data-settings=\"{&quot;_transform_translateY_effect&quot;:{&quot;unit&quot;:&quot;px&quot;,&quot;size&quot;:25,&quot;sizes&quot;:[]},&quot;_transform_scale_effect&quot;:{&quot;unit&quot;:&quot;px&quot;,&quot;size&quot;:1,&quot;sizes&quot;:[]},&quot;_transform_translateX_effect&quot;:{&quot;unit&quot;:&quot;px&quot;,&quot;size&quot;:&quot;&quot;,&quot;sizes&quot;:[]},&quot;_transform_translateX_effect_tablet&quot;:{&quot;unit&quot;:&quot;px&quot;,&quot;size&quot;:&quot;&quot;,&quot;sizes&quot;:[]},&quot;_transform_translateX_effect_mobile&quot;:{&quot;unit&quot;:&quot;px&quot;,&quot;size&quot;:&quot;&quot;,&quot;sizes&quot;:[]},&quot;_transform_translateY_effect_tablet&quot;:{&quot;unit&quot;:&quot;px&quot;,&quot;size&quot;:&quot;&quot;,&quot;sizes&quot;:[]},&quot;_transform_translateY_effect_mobile&quot;:{&quot;unit&quot;:&quot;px&quot;,&quot;size&quot;:&quot;&quot;,&quot;sizes&quot;:[]},&quot;_transform_scale_effect_tablet&quot;:{&quot;unit&quot;:&quot;px&quot;,&quot;size&quot;:&quot;&quot;,&quot;sizes&quot;:[]},&quot;_transform_scale_effect_mobile&quot;:{&quot;unit&quot;:&quot;px&quot;,&quot;size&quot;:&quot;&quot;,&quot;sizes&quot;:[]}}\" data-widget_type=\"text-editor.default\">\n\t\t\t\t<div class=\"elementor-widget-container\">\n\t\t\t<style>\/*! elementor - v3.12.1 - 02-04-2023 *\/\n.elementor-widget-text-editor.elementor-drop-cap-view-stacked .elementor-drop-cap{background-color:#69727d;color:#fff}.elementor-widget-text-editor.elementor-drop-cap-view-framed .elementor-drop-cap{color:#69727d;border:3px solid;background-color:transparent}.elementor-widget-text-editor:not(.elementor-drop-cap-view-default) .elementor-drop-cap{margin-top:8px}.elementor-widget-text-editor:not(.elementor-drop-cap-view-default) .elementor-drop-cap-letter{width:1em;height:1em}.elementor-widget-text-editor .elementor-drop-cap{float:left;text-align:center;line-height:1;font-size:50px}.elementor-widget-text-editor .elementor-drop-cap-letter{display:inline-block}<\/style>\t\t\t\t<p style=\"text-align: center;\">Vouchery<\/p>\t\t\t\t\t\t<\/div>\n\t\t\t\t<\/div>\n\t\t\t\t<div class=\"elementor-element elementor-element-62198c6 e-transform elementor-widget elementor-widget-text-editor\" data-id=\"62198c6\" data-element_type=\"widget\" data-settings=\"{&quot;_transform_scale_effect&quot;:{&quot;unit&quot;:&quot;px&quot;,&quot;size&quot;:&quot;&quot;,&quot;sizes&quot;:[]},&quot;_transform_scale_effect_tablet&quot;:{&quot;unit&quot;:&quot;px&quot;,&quot;size&quot;:&quot;&quot;,&quot;sizes&quot;:[]},&quot;_transform_scale_effect_mobile&quot;:{&quot;unit&quot;:&quot;px&quot;,&quot;size&quot;:&quot;&quot;,&quot;sizes&quot;:[]}}\" data-widget_type=\"text-editor.default\">\n\t\t\t\t<div class=\"elementor-widget-container\">\n\t\t\t\t\t\t\t<p>W naszym salonie Klienci maj\u0105 mo\u017cliwo\u015b\u0107 zakupu pi\u0119knego prezentu w postaci dedykowanych, cudownie zapakowanych do z\u0142otych kopert voucher\u00f3w. Vouchery mo\u017cna zakupi\u0107 zar\u00f3wno na okre\u015blon\u0105 kwot\u0119, jak r\u00f3wnie\u017c na wybrane zabiegi.<br>Co wi\u0119cej, na Obdarowan\u0105 lub Obdarowanego, kt\u00f3rzy przyjd\u0105 zrealizowa\u0107 do naszego gabinetu voucher, w salonie czeka\u0107 b\u0119d\u0105 dodatkowe ma\u0142e upominki-niespodzianki i profesjonalna obs\u0142uga. <br>Istnieje tak\u017ce mo\u017cliwo\u015b\u0107 stworzenia dodatkowego, specjalnego zaproszenia lub realizacji czy przekazania dodatkowej us\u0142ugi na wcze\u015bniejsze \u017cyczenie Klientki lub Klienta.<br>Podaruj swoim bliskim szcz\u0119\u015bliwe oraz niezapomniane chwile i pozw\u00f3l cieszy\u0107 si\u0119 pi\u0119knem.<\/p>\t\t\t\t\t\t<\/div>\n\t\t\t\t<\/div>\n\t\t\t\t\t<\/div>\n\t\t<\/div>\n\t\t\t\t<div class=\"elementor-column elementor-col-33 elementor-top-column elementor-element elementor-element-9273eed\" data-id=\"9273eed\" data-element_type=\"column\" data-settings=\"{&quot;background_background&quot;:&quot;classic&quot;}\">\n\t\t\t<div class=\"elementor-widget-wrap elementor-element-populated\">\n\t\t\t\t\t\t\t\t<div class=\"elementor-element elementor-element-6ee6de3 elementor-widget elementor-widget-image\" data-id=\"6ee6de3\" data-element_type=\"widget\" data-widget_type=\"image.default\">\n\t\t\t\t<div class=\"elementor-widget-container\">\n\t\t\t<style>\/*! elementor - v3.12.1 - 02-04-2023 *\/\n.elementor-widget-image{text-align:center}.elementor-widget-image a{display:inline-block}.elementor-widget-image a img[src$=\".svg\"]{width:48px}.elementor-widget-image img{vertical-align:middle;display:inline-block}<\/style>\t\t\t\t\t\t\t\t\t\t\t\t<img loading=\"lazy\" decoding=\"async\" width=\"1024\" height=\"1024\" src=\"https:\/\/medesteticarzeszow.pl\/wp-content\/uploads\/2023\/04\/20230217_092032-1-1-1024x1024.jpg\" class=\"attachment-large size-large wp-image-1127\" alt=\"\" srcset=\"https:\/\/medesteticarzeszow.pl\/wp-content\/uploads\/2023\/04\/20230217_092032-1-1-1024x1024.jpg 1024w, https:\/\/medesteticarzeszow.pl\/wp-content\/uploads\/2023\/04\/20230217_092032-1-1-300x300.jpg 300w, https:\/\/medesteticarzeszow.pl\/wp-content\/uploads\/2023\/04\/20230217_092032-1-1-150x150.jpg 150w, https:\/\/medesteticarzeszow.pl\/wp-content\/uploads\/2023\/04\/20230217_092032-1-1-768x768.jpg 768w, https:\/\/medesteticarzeszow.pl\/wp-content\/uploads\/2023\/04\/20230217_092032-1-1-1536x1536.jpg 1536w, https:\/\/medesteticarzeszow.pl\/wp-content\/uploads\/2023\/04\/20230217_092032-1-1-2048x2048.jpg 2048w\" sizes=\"auto, (max-width: 1024px) 100vw, 1024px\" \/>\t\t\t\t\t\t\t\t\t\t\t\t\t\t\t<\/div>\n\t\t\t\t<\/div>\n\t\t\t\t\t<\/div>\n\t\t<\/div>\n\t\t\t\t\t\t\t<\/div>\n\t\t<\/section>\n\t\t\t\t<section class=\"elementor-section elementor-top-section elementor-element elementor-element-3297950 elementor-section-boxed elementor-section-height-default elementor-section-height-default elementor-invisible\" data-id=\"3297950\" data-element_type=\"section\" data-settings=\"{&quot;animation&quot;:&quot;fadeInUp&quot;}\">\n\t\t\t\t\t\t<div class=\"elementor-container elementor-column-gap-default\">\n\t\t\t\t\t<div class=\"elementor-column elementor-col-33 elementor-top-column elementor-element elementor-element-03f047b\" data-id=\"03f047b\" data-element_type=\"column\">\n\t\t\t<div class=\"elementor-widget-wrap elementor-element-populated\">\n\t\t\t\t\t\t\t\t<div class=\"elementor-element elementor-element-fdd19ba elementor-widget elementor-widget-spacer\" data-id=\"fdd19ba\" data-element_type=\"widget\" data-widget_type=\"spacer.default\">\n\t\t\t\t<div class=\"elementor-widget-container\">\n\t\t\t\t\t<div class=\"elementor-spacer\">\n\t\t\t<div class=\"elementor-spacer-inner\"><\/div>\n\t\t<\/div>\n\t\t\t\t<\/div>\n\t\t\t\t<\/div>\n\t\t\t\t<div class=\"elementor-element elementor-element-53c22d5 elementor-widget elementor-widget-image\" data-id=\"53c22d5\" data-element_type=\"widget\" data-widget_type=\"image.default\">\n\t\t\t\t<div class=\"elementor-widget-container\">\n\t\t\t\t\t\t\t\t\t\t\t\t\t\t\t<img loading=\"lazy\" decoding=\"async\" width=\"1024\" height=\"1024\" src=\"https:\/\/medesteticarzeszow.pl\/wp-content\/uploads\/2023\/04\/20230217_0943040-2-1-1024x1024.jpg\" class=\"attachment-large size-large wp-image-1125\" alt=\"\" srcset=\"https:\/\/medesteticarzeszow.pl\/wp-content\/uploads\/2023\/04\/20230217_0943040-2-1-1024x1024.jpg 1024w, https:\/\/medesteticarzeszow.pl\/wp-content\/uploads\/2023\/04\/20230217_0943040-2-1-300x300.jpg 300w, https:\/\/medesteticarzeszow.pl\/wp-content\/uploads\/2023\/04\/20230217_0943040-2-1-150x150.jpg 150w, https:\/\/medesteticarzeszow.pl\/wp-content\/uploads\/2023\/04\/20230217_0943040-2-1-768x768.jpg 768w, https:\/\/medesteticarzeszow.pl\/wp-content\/uploads\/2023\/04\/20230217_0943040-2-1-1536x1536.jpg 1536w, https:\/\/medesteticarzeszow.pl\/wp-content\/uploads\/2023\/04\/20230217_0943040-2-1-2048x2048.jpg 2048w\" sizes=\"auto, (max-width: 1024px) 100vw, 1024px\" \/>\t\t\t\t\t\t\t\t\t\t\t\t\t\t\t<\/div>\n\t\t\t\t<\/div>\n\t\t\t\t<div class=\"elementor-element elementor-element-abc5820 elementor-widget elementor-widget-spacer\" data-id=\"abc5820\" data-element_type=\"widget\" data-widget_type=\"spacer.default\">\n\t\t\t\t<div class=\"elementor-widget-container\">\n\t\t\t\t\t<div class=\"elementor-spacer\">\n\t\t\t<div class=\"elementor-spacer-inner\"><\/div>\n\t\t<\/div>\n\t\t\t\t<\/div>\n\t\t\t\t<\/div>\n\t\t\t\t\t<\/div>\n\t\t<\/div>\n\t\t\t\t<div class=\"elementor-column elementor-col-33 elementor-top-column elementor-element elementor-element-b921838\" data-id=\"b921838\" data-element_type=\"column\">\n\t\t\t<div class=\"elementor-widget-wrap elementor-element-populated\">\n\t\t\t\t\t\t\t\t<div class=\"elementor-element elementor-element-6f766aa elementor-widget elementor-widget-spacer\" data-id=\"6f766aa\" data-element_type=\"widget\" data-widget_type=\"spacer.default\">\n\t\t\t\t<div class=\"elementor-widget-container\">\n\t\t\t\t\t<div class=\"elementor-spacer\">\n\t\t\t<div class=\"elementor-spacer-inner\"><\/div>\n\t\t<\/div>\n\t\t\t\t<\/div>\n\t\t\t\t<\/div>\n\t\t\t\t<div class=\"elementor-element elementor-element-f49b124 elementor-widget elementor-widget-image\" data-id=\"f49b124\" data-element_type=\"widget\" data-widget_type=\"image.default\">\n\t\t\t\t<div class=\"elementor-widget-container\">\n\t\t\t\t\t\t\t\t\t\t\t\t\t\t\t<img loading=\"lazy\" decoding=\"async\" width=\"1024\" height=\"1024\" src=\"https:\/\/medesteticarzeszow.pl\/wp-content\/uploads\/2023\/04\/20230218_112152-2-1-1-1024x1024.jpg\" class=\"attachment-large size-large wp-image-1124\" alt=\"\" srcset=\"https:\/\/medesteticarzeszow.pl\/wp-content\/uploads\/2023\/04\/20230218_112152-2-1-1-1024x1024.jpg 1024w, https:\/\/medesteticarzeszow.pl\/wp-content\/uploads\/2023\/04\/20230218_112152-2-1-1-300x300.jpg 300w, https:\/\/medesteticarzeszow.pl\/wp-content\/uploads\/2023\/04\/20230218_112152-2-1-1-150x150.jpg 150w, https:\/\/medesteticarzeszow.pl\/wp-content\/uploads\/2023\/04\/20230218_112152-2-1-1-768x768.jpg 768w, https:\/\/medesteticarzeszow.pl\/wp-content\/uploads\/2023\/04\/20230218_112152-2-1-1-1536x1536.jpg 1536w, https:\/\/medesteticarzeszow.pl\/wp-content\/uploads\/2023\/04\/20230218_112152-2-1-1-2048x2048.jpg 2048w\" sizes=\"auto, (max-width: 1024px) 100vw, 1024px\" \/>\t\t\t\t\t\t\t\t\t\t\t\t\t\t\t<\/div>\n\t\t\t\t<\/div>\n\t\t\t\t<div class=\"elementor-element elementor-element-2ce4db6 elementor-widget elementor-widget-spacer\" data-id=\"2ce4db6\" data-element_type=\"widget\" data-widget_type=\"spacer.default\">\n\t\t\t\t<div class=\"elementor-widget-container\">\n\t\t\t\t\t<div class=\"elementor-spacer\">\n\t\t\t<div class=\"elementor-spacer-inner\"><\/div>\n\t\t<\/div>\n\t\t\t\t<\/div>\n\t\t\t\t<\/div>\n\t\t\t\t\t<\/div>\n\t\t<\/div>\n\t\t\t\t<div class=\"elementor-column elementor-col-33 elementor-top-column elementor-element elementor-element-73ac869\" data-id=\"73ac869\" data-element_type=\"column\" data-settings=\"{&quot;animation&quot;:&quot;none&quot;}\">\n\t\t\t<div class=\"elementor-widget-wrap elementor-element-populated\">\n\t\t\t\t\t\t\t\t<div class=\"elementor-element elementor-element-cf60411 elementor-widget elementor-widget-spacer\" data-id=\"cf60411\" data-element_type=\"widget\" data-widget_type=\"spacer.default\">\n\t\t\t\t<div class=\"elementor-widget-container\">\n\t\t\t\t\t<div class=\"elementor-spacer\">\n\t\t\t<div class=\"elementor-spacer-inner\"><\/div>\n\t\t<\/div>\n\t\t\t\t<\/div>\n\t\t\t\t<\/div>\n\t\t\t\t<div class=\"elementor-element elementor-element-f9a7108 elementor-widget elementor-widget-image\" data-id=\"f9a7108\" data-element_type=\"widget\" data-widget_type=\"image.default\">\n\t\t\t\t<div class=\"elementor-widget-container\">\n\t\t\t\t\t\t\t\t\t\t\t\t\t\t\t<img loading=\"lazy\" decoding=\"async\" width=\"1024\" height=\"1024\" src=\"https:\/\/medesteticarzeszow.pl\/wp-content\/uploads\/2023\/04\/20221230_163141-4-1-1-1024x1024.jpg\" class=\"attachment-large size-large wp-image-1126\" alt=\"\" srcset=\"https:\/\/medesteticarzeszow.pl\/wp-content\/uploads\/2023\/04\/20221230_163141-4-1-1-1024x1024.jpg 1024w, https:\/\/medesteticarzeszow.pl\/wp-content\/uploads\/2023\/04\/20221230_163141-4-1-1-300x300.jpg 300w, https:\/\/medesteticarzeszow.pl\/wp-content\/uploads\/2023\/04\/20221230_163141-4-1-1-150x150.jpg 150w, https:\/\/medesteticarzeszow.pl\/wp-content\/uploads\/2023\/04\/20221230_163141-4-1-1-768x768.jpg 768w, https:\/\/medesteticarzeszow.pl\/wp-content\/uploads\/2023\/04\/20221230_163141-4-1-1-1536x1536.jpg 1536w, https:\/\/medesteticarzeszow.pl\/wp-content\/uploads\/2023\/04\/20221230_163141-4-1-1-2048x2048.jpg 2048w\" sizes=\"auto, (max-width: 1024px) 100vw, 1024px\" \/>\t\t\t\t\t\t\t\t\t\t\t\t\t\t\t<\/div>\n\t\t\t\t<\/div>\n\t\t\t\t<div class=\"elementor-element elementor-element-84a9e16 elementor-widget elementor-widget-spacer\" data-id=\"84a9e16\" data-element_type=\"widget\" data-widget_type=\"spacer.default\">\n\t\t\t\t<div class=\"elementor-widget-container\">\n\t\t\t\t\t<div class=\"elementor-spacer\">\n\t\t\t<div class=\"elementor-spacer-inner\"><\/div>\n\t\t<\/div>\n\t\t\t\t<\/div>\n\t\t\t\t<\/div>\n\t\t\t\t\t<\/div>\n\t\t<\/div>\n\t\t\t\t\t\t\t<\/div>\n\t\t<\/section>\n\t\t\t\t\t\t\t<\/div>\n\t\t","protected":false},"excerpt":{"rendered":"<p>Vouchery W naszym salonie Klienci maj\u0105 mo\u017cliwo\u015b\u0107 zakupu pi\u0119knego prezentu w postaci dedykowanych, cudownie zapakowanych do z\u0142otych kopert voucher\u00f3w. Vouchery mo\u017cna zakupi\u0107 zar\u00f3wno na okre\u015blon\u0105 kwot\u0119, jak r\u00f3wnie\u017c na wybrane zabiegi.Co wi\u0119cej, na Obdarowan\u0105 lub Obdarowanego, kt\u00f3rzy przyjd\u0105 zrealizowa\u0107 do naszego gabinetu voucher, w salonie czeka\u0107 b\u0119d\u0105 dodatkowe ma\u0142e upominki-niespodzianki i profesjonalna obs\u0142uga. Istnieje tak\u017ce &hellip;<\/p>\n<p class=\"read-more\"> <a class=\"\" href=\"https:\/\/medesteticarzeszow.pl\/index.php\/vouchery\/\"> <span class=\"screen-reader-text\">Vouchery<\/span> Read More &raquo;<\/a><\/p>\n","protected":false},"author":1,"featured_media":0,"parent":0,"menu_order":0,"comment_status":"closed","ping_status":"closed","template":"","meta":{"site-sidebar-layout":"no-sidebar","site-content-layout":"page-builder","ast-global-header-display":"","ast-main-header-display":"","ast-hfb-above-header-display":"","ast-hfb-below-header-display":"","ast-hfb-mobile-header-display":"","site-post-title":"disabled","ast-breadcrumbs-content":"","ast-featured-img":"disabled","footer-sml-layout":"","theme-transparent-header-meta":"","adv-header-id-meta":"","stick-header-meta":"","header-above-stick-meta":"","header-main-stick-meta":"","header-below-stick-meta":"","footnotes":""},"class_list":["post-810","page","type-page","status-publish","hentry"],"_links":{"self":[{"href":"https:\/\/medesteticarzeszow.pl\/index.php\/wp-json\/wp\/v2\/pages\/810","targetHints":{"allow":["GET"]}}],"collection":[{"href":"https:\/\/medesteticarzeszow.pl\/index.php\/wp-json\/wp\/v2\/pages"}],"about":[{"href":"https:\/\/medesteticarzeszow.pl\/index.php\/wp-json\/wp\/v2\/types\/page"}],"author":[{"embeddable":true,"href":"https:\/\/medesteticarzeszow.pl\/index.php\/wp-json\/wp\/v2\/users\/1"}],"replies":[{"embeddable":true,"href":"https:\/\/medesteticarzeszow.pl\/index.php\/wp-json\/wp\/v2\/comments?post=810"}],"version-history":[{"count":19,"href":"https:\/\/medesteticarzeszow.pl\/index.php\/wp-json\/wp\/v2\/pages\/810\/revisions"}],"predecessor-version":[{"id":3294,"href":"https:\/\/medesteticarzeszow.pl\/index.php\/wp-json\/wp\/v2\/pages\/810\/revisions\/3294"}],"wp:attachment":[{"href":"https:\/\/medesteticarzeszow.pl\/index.php\/wp-json\/wp\/v2\/media?parent=810"}],"curies":[{"name":"wp","href":"https:\/\/api.w.org\/{rel}","templated":true}]}}